{"id":2725,"date":"2024-02-19T15:03:38","date_gmt":"2024-02-19T15:03:38","guid":{"rendered":"https:\/\/swanwatersport.nl\/kontakt\/"},"modified":"2024-10-09T07:30:30","modified_gmt":"2024-10-09T07:30:30","slug":"kontakt","status":"publish","type":"page","link":"https:\/\/swanwatersport.nl\/de\/kontakt\/","title":{"rendered":"Kontakt"},"content":{"rendered":"\n[et_pb_section fb_built=&#8220;1&#8243; _builder_version=&#8220;4.24.2&#8243; _module_preset=&#8220;default&#8220; background_color=&#8220;#007295&#8243; use_background_color_gradient=&#8220;on&#8220; background_color_gradient_stops=&#8220;rgba(10,6,6,0.12) 0%|rgba(10,7,7,0.33) 99%&#8220; background_color_gradient_overlays_image=&#8220;on&#8220; background_image=&#8220;https:\/\/swanwatersport.nl\/wp-content\/uploads\/2024\/02\/Boat_08.jpg&#8220; background_position=&#8220;top_center&#8220; background_vertical_offset=&#8220;82%&#8220; custom_padding=&#8220;||||true|false&#8220; background_last_edited=&#8220;off|tablet&#8220; locked=&#8220;off&#8220; global_colors_info=&#8220;{}&#8220;][et_pb_row _builder_version=&#8220;4.24.2&#8243; _module_preset=&#8220;default&#8220; global_colors_info=&#8220;{}&#8220;][et_pb_column type=&#8220;4_4&#8243; _builder_version=&#8220;4.24.2&#8243; _module_preset=&#8220;default&#8220; global_colors_info=&#8220;{}&#8220;][et_pb_text _builder_version=&#8220;4.24.2&#8243; _module_preset=&#8220;default&#8220; header_text_align=&#8220;right&#8220; header_text_color=&#8220;#FFFFFF&#8220; header_font_size=&#8220;51px&#8220; header_2_font=&#8220;vox-semibold|||on|||||&#8220; header_2_text_align=&#8220;center&#8220; header_2_font_size=&#8220;23px&#8220; header_2_letter_spacing=&#8220;3px&#8220; header_2_font_size_phone=&#8220;20px&#8220; global_colors_info=&#8220;{}&#8220;]<h1>Kontakt<\/h1>[\/et_pb_text][\/et_pb_column][\/et_pb_row][\/et_pb_section][et_pb_section fb_built=&#8220;1&#8243; _builder_version=&#8220;4.24.1&#8243; _module_preset=&#8220;default&#8220; background_enable_image=&#8220;off&#8220; background_last_edited=&#8220;off|phone&#8220; use_background_color_gradient_phone=&#8220;off&#8220; locked=&#8220;off&#8220; global_colors_info=&#8220;{}&#8220;][et_pb_row column_structure=&#8220;1_2,1_2&#8243; use_custom_gutter=&#8220;on&#8220; custom_padding_last_edited=&#8220;on|tablet&#8220; _builder_version=&#8220;4.24.1&#8243; module_alignment=&#8220;center&#8220; custom_margin=&#8220;|||&#8220; custom_padding=&#8220;||||true|false&#8220; custom_padding_tablet=&#8220;|40px||40px||true&#8220; custom_padding_phone=&#8220;|0px||0px|true|false&#8220; locked=&#8220;off&#8220; global_colors_info=&#8220;{}&#8220;][et_pb_column type=&#8220;1_2&#8243; _builder_version=&#8220;4.16&#8243; custom_padding=&#8220;|||&#8220; custom_padding_tablet=&#8220;|0px||&#8220; custom_padding_last_edited=&#8220;off|desktop&#8220; global_colors_info=&#8220;{}&#8220; padding_tablet=&#8220;|0px||&#8220; padding_last_edited=&#8220;off|desktop&#8220; custom_padding__hover=&#8220;|||&#8220;][et_pb_blurb title=&#8220;F\u00fcllen Sie das Kontaktformular aus&#8220; image=&#8220;https:\/\/swanwatersport.nl\/wp-content\/uploads\/2024\/02\/Anker_geel.png&#8220; image_icon_width=&#8220;65%&#8220; image_icon_width_tablet=&#8220;65%&#8220; image_icon_width_phone=&#8220;65%&#8220; image_icon_width_last_edited=&#8220;on|phone&#8220; _builder_version=&#8220;4.24.1&#8243; _module_preset=&#8220;3c58d2b2-e403-4f13-82c1-52c608668878&#8243; global_colors_info=&#8220;{}&#8220;]<p>Oder rufen Sie uns an unter der Nummer: <a href=\"tel:0514591776\"><span style=\"font-family: PT Sans, sans-serif;\">0514 591776<\/span><\/a><\/p>[\/et_pb_blurb][et_pb_contact_form email=&#8220;info@swanwatersport.nl&#8220; success_message=&#8220;Vielen Dank f\u00fcr Ihre Nachricht. Wir werden uns so schnell wie m\u00f6glich bei Ihnen melden. &#8220; submit_button_text=&#8220;Senden Sie&#8220; _builder_version=&#8220;4.24.2&#8243; _module_preset=&#8220;default&#8220; _unique_id=&#8220;dffdbbac-dbc1-498f-a938-c0c419e3a6f3&#8243; global_colors_info=&#8220;{}&#8220;][et_pb_contact_field field_id=&#8220;Name&#8220; field_title=&#8220;Name&#8220; _builder_version=&#8220;4.16&#8243; global_colors_info=&#8220;{}&#8220; button_text_size__hover_enabled=&#8220;off&#8220; button_one_text_size__hover_enabled=&#8220;off&#8220; button_two_text_size__hover_enabled=&#8220;off&#8220; button_text_color__hover_enabled=&#8220;off&#8220; button_one_text_color__hover_enabled=&#8220;off&#8220; button_two_text_color__hover_enabled=&#8220;off&#8220; button_border_width__hover_enabled=&#8220;off&#8220; button_one_border_width__hover_enabled=&#8220;off&#8220; button_two_border_width__hover_enabled=&#8220;off&#8220; button_border_color__hover_enabled=&#8220;off&#8220; button_one_border_color__hover_enabled=&#8220;off&#8220; button_two_border_color__hover_enabled=&#8220;off&#8220; button_border_radius__hover_enabled=&#8220;off&#8220; button_one_border_radius__hover_enabled=&#8220;off&#8220; button_two_border_radius__hover_enabled=&#8220;off&#8220; button_letter_spacing__hover_enabled=&#8220;off&#8220; button_one_letter_spacing__hover_enabled=&#8220;off&#8220; button_two_letter_spacing__hover_enabled=&#8220;off&#8220; button_bg_color__hover_enabled=&#8220;off&#8220; button_one_bg_color__hover_enabled=&#8220;off&#8220; button_two_bg_color__hover_enabled=&#8220;off&#8220;][\/et_pb_contact_field][et_pb_contact_field field_id=&#8220;Email&#8220; field_title=&#8220;E-Mail Adresse&#8220; field_type=&#8220;email&#8220; _builder_version=&#8220;4.24.2&#8243; global_colors_info=&#8220;{}&#8220; button_text_size__hover_enabled=&#8220;off&#8220; button_one_text_size__hover_enabled=&#8220;off&#8220; button_two_text_size__hover_enabled=&#8220;off&#8220; button_text_color__hover_enabled=&#8220;off&#8220; button_one_text_color__hover_enabled=&#8220;off&#8220; button_two_text_color__hover_enabled=&#8220;off&#8220; button_border_width__hover_enabled=&#8220;off&#8220; button_one_border_width__hover_enabled=&#8220;off&#8220; button_two_border_width__hover_enabled=&#8220;off&#8220; button_border_color__hover_enabled=&#8220;off&#8220; button_one_border_color__hover_enabled=&#8220;off&#8220; button_two_border_color__hover_enabled=&#8220;off&#8220; button_border_radius__hover_enabled=&#8220;off&#8220; button_one_border_radius__hover_enabled=&#8220;off&#8220; button_two_border_radius__hover_enabled=&#8220;off&#8220; button_letter_spacing__hover_enabled=&#8220;off&#8220; button_one_letter_spacing__hover_enabled=&#8220;off&#8220; button_two_letter_spacing__hover_enabled=&#8220;off&#8220; button_bg_color__hover_enabled=&#8220;off&#8220; button_one_bg_color__hover_enabled=&#8220;off&#8220; button_two_bg_color__hover_enabled=&#8220;off&#8220;][\/et_pb_contact_field][et_pb_contact_field field_id=&#8220;Message&#8220; field_title=&#8220;Nachricht&#8220; field_type=&#8220;text&#8220; fullwidth_field=&#8220;on&#8220; _builder_version=&#8220;4.16&#8243; global_colors_info=&#8220;{}&#8220; button_text_size__hover_enabled=&#8220;off&#8220; button_one_text_size__hover_enabled=&#8220;off&#8220; button_two_text_size__hover_enabled=&#8220;off&#8220; button_text_color__hover_enabled=&#8220;off&#8220; button_one_text_color__hover_enabled=&#8220;off&#8220; button_two_text_color__hover_enabled=&#8220;off&#8220; button_border_width__hover_enabled=&#8220;off&#8220; button_one_border_width__hover_enabled=&#8220;off&#8220; button_two_border_width__hover_enabled=&#8220;off&#8220; button_border_color__hover_enabled=&#8220;off&#8220; button_one_border_color__hover_enabled=&#8220;off&#8220; button_two_border_color__hover_enabled=&#8220;off&#8220; button_border_radius__hover_enabled=&#8220;off&#8220; button_one_border_radius__hover_enabled=&#8220;off&#8220; button_two_border_radius__hover_enabled=&#8220;off&#8220; button_letter_spacing__hover_enabled=&#8220;off&#8220; button_one_letter_spacing__hover_enabled=&#8220;off&#8220; button_two_letter_spacing__hover_enabled=&#8220;off&#8220; button_bg_color__hover_enabled=&#8220;off&#8220; button_one_bg_color__hover_enabled=&#8220;off&#8220; button_two_bg_color__hover_enabled=&#8220;off&#8220;][\/et_pb_contact_field][\/et_pb_contact_form][\/et_pb_column][et_pb_column type=&#8220;1_2&#8243; _builder_version=&#8220;4.16&#8243; custom_padding=&#8220;|||&#8220; custom_padding_tablet=&#8220;|0px||&#8220; custom_padding_last_edited=&#8220;off|desktop&#8220; global_colors_info=&#8220;{}&#8220; padding_tablet=&#8220;|0px||&#8220; padding_last_edited=&#8220;off|desktop&#8220; custom_padding__hover=&#8220;|||&#8220;][et_pb_blurb title=&#8220;Die \u00d6ffnungszeiten&#8220; image=&#8220;https:\/\/swanwatersport.nl\/wp-content\/uploads\/2024\/02\/Anker_geel.png&#8220; image_icon_width=&#8220;65%&#8220; _builder_version=&#8220;4.24.1&#8243; _module_preset=&#8220;3c58d2b2-e403-4f13-82c1-52c608668878&#8243; global_colors_info=&#8220;{}&#8220;]<p><br><br><br>I<strong>n der Saison: 1. M\u00e4rz bis 1. November<\/strong> Montag bis Samstag: 08:30-12:00 &#8211; 13:00-17:00 Sonntag: Geschlossen<\/p>\n<p><br><br><br><br>I<strong>n den Wintermonaten: 1. November bis 1. M\u00e4rz<\/strong> Montag bis Freitag: 08:30-12:30 &#8211; 13:00-17:00 Samstag: nach Vereinbarung Sonntag: geschlossen<\/p>[\/et_pb_blurb][et_pb_text _builder_version=&#8220;4.24.1&#8243; _module_preset=&#8220;default&#8220; global_colors_info=&#8220;{}&#8220;]<p>Klicken Sie <a href=\"#route\">hier<\/a> f\u00fcr eine Wegbeschreibung<\/p>[\/et_pb_text][\/et_pb_column][\/et_pb_row][\/et_pb_section][et_pb_section fb_built=&#8220;1&#8243; _builder_version=&#8220;4.24.1&#8243; _module_preset=&#8220;default&#8220; custom_padding=&#8220;0px|0px|0px|0px|false|false&#8220; locked=&#8220;off&#8220; global_colors_info=&#8220;{}&#8220;][et_pb_row column_structure=&#8220;1_4,1_4,1_4,1_4&#8243; use_custom_gutter=&#8220;on&#8220; gutter_width=&#8220;1&#8243; make_equal=&#8220;on&#8220; _builder_version=&#8220;4.24.1&#8243; _module_preset=&#8220;default&#8220; width=&#8220;100%&#8220; max_width=&#8220;2560px&#8220; custom_padding=&#8220;0px|0px|0px|0px|false|false&#8220; global_colors_info=&#8220;{}&#8220;][et_pb_column type=&#8220;1_4&#8243; _builder_version=&#8220;4.24.1&#8243; _module_preset=&#8220;default&#8220; global_colors_info=&#8220;{}&#8220;][et_pb_image src=&#8220;https:\/\/swanwatersport.nl\/wp-content\/uploads\/2024\/02\/Boat_03.jpg&#8220; title_text=&#8220;Boat_03&#8243; _builder_version=&#8220;4.24.1&#8243; _module_preset=&#8220;default&#8220; global_colors_info=&#8220;{}&#8220;][\/et_pb_image][\/et_pb_column][et_pb_column type=&#8220;1_4&#8243; _builder_version=&#8220;4.24.1&#8243; _module_preset=&#8220;default&#8220; global_colors_info=&#8220;{}&#8220;][et_pb_image src=&#8220;https:\/\/swanwatersport.nl\/wp-content\/uploads\/2024\/02\/Boat_06.jpg&#8220; title_text=&#8220;Boat_06&#8243; _builder_version=&#8220;4.24.1&#8243; _module_preset=&#8220;default&#8220; global_colors_info=&#8220;{}&#8220;][\/et_pb_image][\/et_pb_column][et_pb_column type=&#8220;1_4&#8243; _builder_version=&#8220;4.24.1&#8243; _module_preset=&#8220;default&#8220; global_colors_info=&#8220;{}&#8220;][et_pb_image src=&#8220;https:\/\/swanwatersport.nl\/wp-content\/uploads\/2024\/02\/Boat_04.jpg&#8220; title_text=&#8220;Boat_04&#8243; _builder_version=&#8220;4.24.1&#8243; _module_preset=&#8220;default&#8220; global_colors_info=&#8220;{}&#8220;][\/et_pb_image][\/et_pb_column][et_pb_column type=&#8220;1_4&#8243; _builder_version=&#8220;4.24.1&#8243; _module_preset=&#8220;default&#8220; global_colors_info=&#8220;{}&#8220;][et_pb_image src=&#8220;https:\/\/swanwatersport.nl\/wp-content\/uploads\/2024\/02\/Boat_05.jpg&#8220; title_text=&#8220;Boat_05&#8243; _builder_version=&#8220;4.24.1&#8243; _module_preset=&#8220;default&#8220; global_colors_info=&#8220;{}&#8220;][\/et_pb_image][\/et_pb_column][\/et_pb_row][\/et_pb_section][et_pb_section fb_built=&#8220;1&#8243; module_id=&#8220;Route&#8220; _builder_version=&#8220;4.24.2&#8243; _module_preset=&#8220;default&#8220; background_enable_color=&#8220;off&#8220; background_enable_image=&#8220;off&#8220; global_colors_info=&#8220;{}&#8220;][et_pb_row _builder_version=&#8220;4.24.1&#8243; _module_preset=&#8220;default&#8220; custom_padding=&#8220;||1px|||&#8220; global_colors_info=&#8220;{}&#8220;][et_pb_column type=&#8220;4_4&#8243; _builder_version=&#8220;4.24.1&#8243; _module_preset=&#8220;default&#8220; global_colors_info=&#8220;{}&#8220;][et_pb_text _builder_version=&#8220;4.24.1&#8243; text_font=&#8220;||||||||&#8220; header_font=&#8220;||||||||&#8220; module_alignment=&#8220;center&#8220; custom_margin=&#8220;||5px||false|false&#8220; custom_padding=&#8220;|10vw|||false|false&#8220; custom_padding_tablet=&#8220;|10vw|||false|false&#8220; custom_padding_phone=&#8220;&#8220; custom_padding_last_edited=&#8220;on|phone&#8220; locked=&#8220;off&#8220; global_colors_info=&#8220;{}&#8220;]<h2>Route<\/h2>[\/et_pb_text][et_pb_divider color=&#8220;#FFCC59&#8243; divider_position=&#8220;center&#8220; divider_weight=&#8220;5px&#8220; _builder_version=&#8220;4.24.1&#8243; max_width=&#8220;50px&#8220; global_colors_info=&#8220;{}&#8220;][\/et_pb_divider][\/et_pb_column][\/et_pb_row][et_pb_row column_structure=&#8220;2_3,1_3&#8243; _builder_version=&#8220;4.24.1&#8243; _module_preset=&#8220;default&#8220; global_colors_info=&#8220;{}&#8220;][et_pb_column type=&#8220;2_3&#8243; _builder_version=&#8220;4.24.1&#8243; _module_preset=&#8220;default&#8220; global_colors_info=&#8220;{}&#8220;][et_pb_text _builder_version=&#8220;4.24.1&#8243; _module_preset=&#8220;default&#8220; custom_margin=&#8220;||39px|||&#8220; global_colors_info=&#8220;{}&#8220;]<p class=\"Standard\"><span style=\"font-family: 'PT Sans',sans-serif;\"><br>R<strong>oute \u00f6ffentliche Verkehrsmittel<\/strong> Sie kommen mit \u00f6ffentlichen Verkehrsmitteln? Dann planen Sie Ihre Route auf<a href=\"https:\/\/9292.nl\/\" target=\"_blank\" rel=\"noopener\">9292.nl<\/a> und geben Sie &#8218;Brug, Woudsend&#8216; als Ziel ein. Von der Bushaltestelle aus gehen Sie in die Wellewei. Am Ende dieser Stra\u00dfe k\u00f6nnen Sie die Welle mit einem unserer Ruderboote \u00fcberqueren, um zu unserem Unternehmen zu gelangen.   <\/span><\/p>\n<p class=\"Standard\"><span style=\"font-family: 'PT Sans',sans-serif;\">Sie k\u00f6nnen auch &#8218;Wellebrug, Woudsend&#8216; als Ziel eingeben. Von dieser Bushaltestelle aus gehen Sie die Stra\u00dfe De Zwaan ganz hinunter. Dies ist ein 15-min\u00fctiger\/zwanzigmin\u00fctiger Spaziergang.  <\/span><\/p>\n<p class=\"Standard\"><span style=\"font-family: 'PT Sans',sans-serif;\"><strong>Kommen Sie mit dem Auto?<\/strong><br>Navigieren Sie dann zu De Zwaan 2, Woudsend.<\/span><o:p><\/o:p><\/p>[\/et_pb_text][et_pb_button button_url=&#8220;https:\/\/maps.app.goo.gl\/3Ru6hheTbcENhhkXA&#8220; url_new_window=&#8220;on&#8220; button_text=&#8220;Navigieren Sie auf&#8220; _builder_version=&#8220;4.24.2&#8243; _module_preset=&#8220;3650a5e0-aab2-451f-9854-8d3362d365cb&#8220; global_colors_info=&#8220;{}&#8220;][\/et_pb_button][\/et_pb_column][et_pb_column type=&#8220;1_3&#8243; _builder_version=&#8220;4.24.1&#8243; _module_preset=&#8220;default&#8220; global_colors_info=&#8220;{}&#8220;][et_pb_image src=&#8220;https:\/\/swanwatersport.nl\/wp-content\/uploads\/2024\/02\/route-1.jpg&#8220; title_text=&#8220;Route 1&#8243; show_in_lightbox=&#8220;on&#8220; _builder_version=&#8220;4.24.1&#8243; _module_preset=&#8220;default&#8220; global_colors_info=&#8220;{}&#8220;][\/et_pb_image][et_pb_image src=&#8220;https:\/\/swanwatersport.nl\/wp-content\/uploads\/2024\/02\/route-2.jpg&#8220; title_text=&#8220;Route 2&#8243; show_in_lightbox=&#8220;on&#8220; _builder_version=&#8220;4.24.2&#8243; _module_preset=&#8220;default&#8220; global_colors_info=&#8220;{}&#8220;][\/et_pb_image][\/et_pb_column][\/et_pb_row][\/et_pb_section][et_pb_section fb_built=&#8220;1&#8243; background_color_1=&#8220;#007295&#8243; _builder_version=&#8220;4.24.2&#8243; _module_preset=&#8220;default&#8220; background_color=&#8220;#007295&#8243; background_enable_image=&#8220;off&#8220; global_colors_info=&#8220;{}&#8220;][et_pb_row column_structure=&#8220;1_2,1_2&#8243; _builder_version=&#8220;4.24.1&#8243; _module_preset=&#8220;default&#8220; global_colors_info=&#8220;{}&#8220;][et_pb_column type=&#8220;1_2&#8243; _builder_version=&#8220;4.24.1&#8243; _module_preset=&#8220;default&#8220; global_colors_info=&#8220;{}&#8220;][et_pb_blurb title=&#8220;Wichtige Informationen&#8220; image=&#8220;https:\/\/swanwatersport.nl\/wp-content\/uploads\/2024\/02\/Anker_geel.png&#8220; image_icon_width=&#8220;65%&#8220; image_icon_width_tablet=&#8220;65%&#8220; image_icon_width_phone=&#8220;65%&#8220; image_icon_width_last_edited=&#8220;on|phone&#8220; _builder_version=&#8220;4.24.1&#8243; _module_preset=&#8220;3c58d2b2-e403-4f13-82c1-52c608668878&#8243; header_text_color=&#8220;#FFFFFF&#8220; body_text_color=&#8220;#FFFFFF&#8220; locked=&#8220;off&#8220; global_colors_info=&#8220;{}&#8220;]<p>IBAN:<br><br>NL42RABO0369747100 KVK 82365008 USt.-Nr. NL862436503B01 <\/p>[\/et_pb_blurb][\/et_pb_column][et_pb_column type=&#8220;1_2&#8243; _builder_version=&#8220;4.24.1&#8243; _module_preset=&#8220;default&#8220; global_colors_info=&#8220;{}&#8220;][et_pb_blurb title=&#8220;De Zwaan 2, 8551 RK Woudsend&#8220; use_icon=&#8220;on&#8220; font_icon=&#8220;&#xe081;||divi||400&#8243; icon_color=&#8220;#FFCC59&#8243; _builder_version=&#8220;4.24.1&#8243; _module_preset=&#8220;3c58d2b2-e403-4f13-82c1-52c608668878&#8243; header_text_color=&#8220;#FFFFFF&#8220; custom_margin=&#8220;||15px||false|false&#8220; global_colors_info=&#8220;{}&#8220;][\/et_pb_blurb][et_pb_blurb title=&#8220;0514 -591776&#8243; use_icon=&#8220;on&#8220; font_icon=&#8220;&#xf879;||fa||900&#8243; icon_color=&#8220;#FFCC59&#8243; _builder_version=&#8220;4.24.1&#8243; _module_preset=&#8220;3c58d2b2-e403-4f13-82c1-52c608668878&#8243; header_text_color=&#8220;#FFFFFF&#8220; custom_margin=&#8220;||15px||false|false&#8220; global_colors_info=&#8220;{}&#8220;][\/et_pb_blurb][et_pb_blurb title=&#8220;info@swanwatersport.nl&#8220; url=&#8220;mailto:info@swanwatersport.nl&#8220; use_icon=&#8220;on&#8220; font_icon=&#8220;&#xf1d8;||fa||900&#8243; icon_color=&#8220;#FFCC59&#8243; _builder_version=&#8220;4.24.1&#8243; _module_preset=&#8220;3c58d2b2-e403-4f13-82c1-52c608668878&#8243; header_text_color=&#8220;#FFFFFF&#8220; custom_margin=&#8220;||15px||false|false&#8220; global_colors_info=&#8220;{}&#8220;][\/et_pb_blurb][\/et_pb_column][\/et_pb_row][\/et_pb_section]\n","protected":false},"excerpt":{"rendered":"<p>KontaktOder rufen Sie uns an unter der Nummer: 0514 591776In der Saison: 1. M\u00e4rz bis 1. November Montag bis Samstag: 08:30-12:00 &#8211; 13:00-17:00 Sonntag: Geschlossen In den Wintermonaten: 1. November bis 1. M\u00e4rz Montag bis Freitag: 08:30-12:30 &#8211; 13:00-17:00 Samstag: nach Vereinbarung Sonntag: geschlossenKlicken Sie hier f\u00fcr eine WegbeschreibungRouteRoute \u00f6ffentliche Verkehrsmittel Sie kommen mit \u00f6ffentlichen [&hellip;]<\/p>\n","protected":false},"author":1,"featured_media":2438,"parent":0,"menu_order":0,"comment_status":"closed","ping_status":"closed","template":"","meta":{"_et_pb_use_builder":"on","_et_pb_old_content":"","_et_gb_content_width":"","footnotes":""},"class_list":["post-2725","page","type-page","status-publish","has-post-thumbnail","hentry"],"yoast_head":"<!-- This site is optimized with the Yoast SEO plugin v27.6 - https:\/\/yoast.com\/product\/yoast-seo-wordpress\/ -->\n<title>Kontakt - Swan Watersport Woudsend<\/title>\n<meta name=\"description\" content=\"Haben Sie Fragen oder w\u00fcnschen Sie weitere Informationen? Bitte nehmen Sie Kontakt auf | Mail: info@swanwatersport.nl | Telefonnummer: 0514 -591776\" \/>\n<meta name=\"robots\" content=\"index, follow, max-snippet:-1, max-image-preview:large, max-video-preview:-1\" \/>\n<link rel=\"canonical\" href=\"https:\/\/swanwatersport.nl\/de\/kontakt\/\" \/>\n<meta property=\"og:locale\" content=\"de_DE\" \/>\n<meta property=\"og:type\" content=\"article\" \/>\n<meta property=\"og:title\" content=\"Kontakt - Swan Watersport Woudsend\" \/>\n<meta property=\"og:description\" content=\"Haben Sie Fragen oder w\u00fcnschen Sie weitere Informationen? Bitte nehmen Sie Kontakt auf | Mail: info@swanwatersport.nl | Telefonnummer: 0514 -591776\" \/>\n<meta property=\"og:url\" content=\"https:\/\/swanwatersport.nl\/de\/kontakt\/\" \/>\n<meta property=\"og:site_name\" content=\"Swan Watersport Woudsend\" \/>\n<meta property=\"article:modified_time\" content=\"2024-10-09T07:30:30+00:00\" \/>\n<meta property=\"og:image\" content=\"https:\/\/swanwatersport.nl\/wp-content\/uploads\/2024\/02\/DSC08086-scaled.jpg\" \/>\n\t<meta property=\"og:image:width\" content=\"2560\" \/>\n\t<meta property=\"og:image:height\" content=\"1707\" \/>\n\t<meta property=\"og:image:type\" content=\"image\/jpeg\" \/>\n<meta name=\"twitter:card\" content=\"summary_large_image\" \/>\n<meta name=\"twitter:label1\" content=\"Gesch\u00e4tzte Lesezeit\" \/>\n\t<meta name=\"twitter:data1\" content=\"9\u00a0Minuten\" \/>\n<script type=\"application\/ld+json\" class=\"yoast-schema-graph\">{\"@context\":\"https:\\\/\\\/schema.org\",\"@graph\":[{\"@type\":\"WebPage\",\"@id\":\"https:\\\/\\\/swanwatersport.nl\\\/de\\\/kontakt\\\/\",\"url\":\"https:\\\/\\\/swanwatersport.nl\\\/de\\\/kontakt\\\/\",\"name\":\"Kontakt - Swan Watersport Woudsend\",\"isPartOf\":{\"@id\":\"https:\\\/\\\/swanwatersport.nl\\\/de\\\/#website\"},\"primaryImageOfPage\":{\"@id\":\"https:\\\/\\\/swanwatersport.nl\\\/de\\\/kontakt\\\/#primaryimage\"},\"image\":{\"@id\":\"https:\\\/\\\/swanwatersport.nl\\\/de\\\/kontakt\\\/#primaryimage\"},\"thumbnailUrl\":\"https:\\\/\\\/swanwatersport.nl\\\/wp-content\\\/uploads\\\/2024\\\/02\\\/DSC08086-scaled.jpg\",\"datePublished\":\"2024-02-19T15:03:38+00:00\",\"dateModified\":\"2024-10-09T07:30:30+00:00\",\"description\":\"Haben Sie Fragen oder w\u00fcnschen Sie weitere Informationen? Bitte nehmen Sie Kontakt auf | Mail: info@swanwatersport.nl | Telefonnummer: 0514 -591776\",\"breadcrumb\":{\"@id\":\"https:\\\/\\\/swanwatersport.nl\\\/de\\\/kontakt\\\/#breadcrumb\"},\"inLanguage\":\"de\",\"potentialAction\":[{\"@type\":\"ReadAction\",\"target\":[\"https:\\\/\\\/swanwatersport.nl\\\/de\\\/kontakt\\\/\"]}]},{\"@type\":\"ImageObject\",\"inLanguage\":\"de\",\"@id\":\"https:\\\/\\\/swanwatersport.nl\\\/de\\\/kontakt\\\/#primaryimage\",\"url\":\"https:\\\/\\\/swanwatersport.nl\\\/wp-content\\\/uploads\\\/2024\\\/02\\\/DSC08086-scaled.jpg\",\"contentUrl\":\"https:\\\/\\\/swanwatersport.nl\\\/wp-content\\\/uploads\\\/2024\\\/02\\\/DSC08086-scaled.jpg\",\"width\":2560,\"height\":1707},{\"@type\":\"BreadcrumbList\",\"@id\":\"https:\\\/\\\/swanwatersport.nl\\\/de\\\/kontakt\\\/#breadcrumb\",\"itemListElement\":[{\"@type\":\"ListItem\",\"position\":1,\"name\":\"Home\",\"item\":\"https:\\\/\\\/swanwatersport.nl\\\/de\\\/startseite\\\/\"},{\"@type\":\"ListItem\",\"position\":2,\"name\":\"Kontakt\"}]},{\"@type\":\"WebSite\",\"@id\":\"https:\\\/\\\/swanwatersport.nl\\\/de\\\/#website\",\"url\":\"https:\\\/\\\/swanwatersport.nl\\\/de\\\/\",\"name\":\"Swan Watersport Woudsend\",\"description\":\"\",\"potentialAction\":[{\"@type\":\"SearchAction\",\"target\":{\"@type\":\"EntryPoint\",\"urlTemplate\":\"https:\\\/\\\/swanwatersport.nl\\\/de\\\/?s={search_term_string}\"},\"query-input\":{\"@type\":\"PropertyValueSpecification\",\"valueRequired\":true,\"valueName\":\"search_term_string\"}}],\"inLanguage\":\"de\"}]}<\/script>\n<!-- \/ Yoast SEO plugin. -->","yoast_head_json":{"title":"Kontakt - Swan Watersport Woudsend","description":"Haben Sie Fragen oder w\u00fcnschen Sie weitere Informationen? Bitte nehmen Sie Kontakt auf | Mail: info@swanwatersport.nl | Telefonnummer: 0514 -591776","robots":{"index":"index","follow":"follow","max-snippet":"max-snippet:-1","max-image-preview":"max-image-preview:large","max-video-preview":"max-video-preview:-1"},"canonical":"https:\/\/swanwatersport.nl\/de\/kontakt\/","og_locale":"de_DE","og_type":"article","og_title":"Kontakt - Swan Watersport Woudsend","og_description":"Haben Sie Fragen oder w\u00fcnschen Sie weitere Informationen? Bitte nehmen Sie Kontakt auf | Mail: info@swanwatersport.nl | Telefonnummer: 0514 -591776","og_url":"https:\/\/swanwatersport.nl\/de\/kontakt\/","og_site_name":"Swan Watersport Woudsend","article_modified_time":"2024-10-09T07:30:30+00:00","og_image":[{"width":2560,"height":1707,"url":"https:\/\/swanwatersport.nl\/wp-content\/uploads\/2024\/02\/DSC08086-scaled.jpg","type":"image\/jpeg"}],"twitter_card":"summary_large_image","twitter_misc":{"Gesch\u00e4tzte Lesezeit":"9\u00a0Minuten"},"schema":{"@context":"https:\/\/schema.org","@graph":[{"@type":"WebPage","@id":"https:\/\/swanwatersport.nl\/de\/kontakt\/","url":"https:\/\/swanwatersport.nl\/de\/kontakt\/","name":"Kontakt - Swan Watersport Woudsend","isPartOf":{"@id":"https:\/\/swanwatersport.nl\/de\/#website"},"primaryImageOfPage":{"@id":"https:\/\/swanwatersport.nl\/de\/kontakt\/#primaryimage"},"image":{"@id":"https:\/\/swanwatersport.nl\/de\/kontakt\/#primaryimage"},"thumbnailUrl":"https:\/\/swanwatersport.nl\/wp-content\/uploads\/2024\/02\/DSC08086-scaled.jpg","datePublished":"2024-02-19T15:03:38+00:00","dateModified":"2024-10-09T07:30:30+00:00","description":"Haben Sie Fragen oder w\u00fcnschen Sie weitere Informationen? Bitte nehmen Sie Kontakt auf | Mail: info@swanwatersport.nl | Telefonnummer: 0514 -591776","breadcrumb":{"@id":"https:\/\/swanwatersport.nl\/de\/kontakt\/#breadcrumb"},"inLanguage":"de","potentialAction":[{"@type":"ReadAction","target":["https:\/\/swanwatersport.nl\/de\/kontakt\/"]}]},{"@type":"ImageObject","inLanguage":"de","@id":"https:\/\/swanwatersport.nl\/de\/kontakt\/#primaryimage","url":"https:\/\/swanwatersport.nl\/wp-content\/uploads\/2024\/02\/DSC08086-scaled.jpg","contentUrl":"https:\/\/swanwatersport.nl\/wp-content\/uploads\/2024\/02\/DSC08086-scaled.jpg","width":2560,"height":1707},{"@type":"BreadcrumbList","@id":"https:\/\/swanwatersport.nl\/de\/kontakt\/#breadcrumb","itemListElement":[{"@type":"ListItem","position":1,"name":"Home","item":"https:\/\/swanwatersport.nl\/de\/startseite\/"},{"@type":"ListItem","position":2,"name":"Kontakt"}]},{"@type":"WebSite","@id":"https:\/\/swanwatersport.nl\/de\/#website","url":"https:\/\/swanwatersport.nl\/de\/","name":"Swan Watersport Woudsend","description":"","potentialAction":[{"@type":"SearchAction","target":{"@type":"EntryPoint","urlTemplate":"https:\/\/swanwatersport.nl\/de\/?s={search_term_string}"},"query-input":{"@type":"PropertyValueSpecification","valueRequired":true,"valueName":"search_term_string"}}],"inLanguage":"de"}]}},"_links":{"self":[{"href":"https:\/\/swanwatersport.nl\/de\/wp-json\/wp\/v2\/pages\/2725","targetHints":{"allow":["GET"]}}],"collection":[{"href":"https:\/\/swanwatersport.nl\/de\/wp-json\/wp\/v2\/pages"}],"about":[{"href":"https:\/\/swanwatersport.nl\/de\/wp-json\/wp\/v2\/types\/page"}],"author":[{"embeddable":true,"href":"https:\/\/swanwatersport.nl\/de\/wp-json\/wp\/v2\/users\/1"}],"replies":[{"embeddable":true,"href":"https:\/\/swanwatersport.nl\/de\/wp-json\/wp\/v2\/comments?post=2725"}],"version-history":[{"count":1,"href":"https:\/\/swanwatersport.nl\/de\/wp-json\/wp\/v2\/pages\/2725\/revisions"}],"predecessor-version":[{"id":2726,"href":"https:\/\/swanwatersport.nl\/de\/wp-json\/wp\/v2\/pages\/2725\/revisions\/2726"}],"wp:featuredmedia":[{"embeddable":true,"href":"https:\/\/swanwatersport.nl\/de\/wp-json\/wp\/v2\/media\/2438"}],"wp:attachment":[{"href":"https:\/\/swanwatersport.nl\/de\/wp-json\/wp\/v2\/media?parent=2725"}],"curies":[{"name":"wp","href":"https:\/\/api.w.org\/{rel}","templated":true}]}}